{"id":2,"date":"2025-10-20T21:06:32","date_gmt":"2025-10-20T19:06:32","guid":{"rendered":"http:\/\/kuchnie360.pl\/?page_id=2"},"modified":"2025-11-17T21:19:49","modified_gmt":"2025-11-17T20:19:49","slug":"przykladowa-strona","status":"publish","type":"page","link":"http:\/\/kuchnie360.pl\/?page_id=2","title":{"rendered":"Cennik korpus\u00f3w                             i element\u00f3w kuchennych"},"content":{"rendered":"\n<p><\/p>\n\n\n\n<p>Cennik w cenach brutto, dotyczy korpus\u00f3w w standardowych wymiarach w kolorze bia\u0142ym. <\/p>\n\n\n\n<p><strong>Specyfikacja:<\/strong><\/p>\n\n\n\n<p><strong>P\u0142yta wi\u00f3rowa firmy Kronospan o grubo\u015bci 18 mm<\/strong>. Cie\u0144sz\u0105 p\u0142yt\u0119 16 mm tak ch\u0119tnie wykorzystywana przez innych producent\u00f3w ze wzgl\u0119du na ni\u017csz\u0105 wage i cen\u0119 stosujemy wy\u0142\u0105cznie na \u017c\u0105danie. Uwa\u017camy, \u017ce meble kuchenne musz\u0105 by\u0107 solidne aby s\u0142u\u017cy\u0142y w\u0142a\u015bcicielom przez wiele lat.<\/p>\n\n\n\n<p>P\u0142yta jest laminowana <strong>bia\u0142ym laminatem z obrze\u017cem<\/strong> wyko\u0144czonym bia\u0142ym tworzywem <strong>ABS 0,6 mm<\/strong>. Kolor bia\u0142y jest uniwersalny. Na zewn\u0119trzne, widoczne \u015bciany sugerujemy zastosowanie paneli w kolorze front\u00f3w. ABS jest tworzywem odpornym na uderzenia, co zapobiega wykruszaniu si\u0119 kraw\u0119dzi.   <\/p>\n\n\n\n<p>Wzd\u0142u\u017c bok\u00f3w korpus\u00f3w nawiercone s\u0105 otwory co 25 mm, co umo\u017cliwia swobodn\u0105 regulacj\u0119 wysoko\u015bci umieszczenia p\u00f3\u0142ki.<\/p>\n\n\n\n<p>Korpusy posiadaj\u0105 wszystkie otwory technologiczne oraz okucia umo\u017cliwiaj\u0105ce monta\u017c. <\/p>\n\n\n\n<p>G\u00f3rne korpusy posiadaj\u0105 zawiesia i szyny, dolne korpusy posiadaj\u0105 w standardzie n\u00f3\u017cki regulowane 100 mm.<\/p>\n\n\n\n<p>G\u0142\u0119boko\u015b\u0107 korpus\u00f3w dolnych wynosi 500 mm, g\u00f3rnych &#8211; 325 mm.<\/p>\n\n\n\n<p>Plecy korpus\u00f3w wykonane s\u0105 z p\u0142yty HDF jednostronnie lakierowanej o grubo\u015bci 3 mm, kt\u00f3ra jest umieszczona w tak zwanej &#8220;nucie&#8221; (frez w korpusie) wykonanej 16 mm od tylnej kraw\u0119dzi korpusu.<\/p>\n\n\n\n<p>Dolne korpusy u g\u00f3ry posiadaj\u0105 zawsze dwa trawersy.<\/p>\n\n\n\n<p>Wie\u0144ce g\u00f3rne i dolne w standardzie s\u0105 wpuszczane mi\u0119dzy boki. <\/p>\n\n\n\n<p>Zamawiaj\u0105c coko\u0142y s\u0105 one zawsze wyposa\u017cone w mocowania do n\u00f3\u017cek. Istnieje mo\u017cliwo\u015b\u0107 dom\u00f3wienia coko\u0142\u00f3w i paneli w dowolnych wymiarach.<\/p>\n\n\n\n<p>Korpusy w niestandardowych wymiarach s\u0105 wyceniane indywidualnie po otrzymaniu zapytania lub zam\u00f3wienia.<\/p>\n\n\n\n<p>P\u00f3\u0142ki, fronty, blaty, coko\u0142y i panele domawiane s\u0105 oddzielnie. <\/p>\n\n\n\n<p><strong>Zam\u00f3wienia i zapytania nale\u017cy przesy\u0142a\u0107 na adres: kontakt@kuchnie360.pl <\/strong><\/p>\n\n\n\n<p><strong>CENNIK KORPUS\u00d3W<\/strong><\/p>\n\n\n\n<blockquote class=\"wp-block-quote is-layout-flow wp-block-quote-is-layout-flow\">\n<figure class=\"wp-block-table\"><table class=\"has-fixed-layout\"><tbody><tr><td colspan=\"3\">CENNIK BRUTTO<\/td><td colspan=\"2\"><\/td><\/tr><tr><td>Lp<\/td><td>Nazwa<\/td><td>Zakup brutto<\/td><td>Waga Netto [kg]<\/td><td>Waga Brutto [kg]<\/td><\/tr><tr><td>1<\/td><td>KORPUS NABLATOWY 60*133,8 BIA\u0141Y<\/td><td>216 z\u0142<\/td><td>30,62<\/td><td>32<\/td><\/tr><tr><td>2<\/td><td>KORPUS NABLATOWY 60*56,8 BIA\u0141Y<\/td><td>163 z\u0142<\/td><td>11,17<\/td><td>12<\/td><\/tr><tr><td>3<\/td><td>KORPUS S\u0141UPEK 60*137,8 BIA\u0141Y<\/td><td>239 z\u0142<\/td><td>28,05<\/td><td>29,3<\/td><\/tr><tr><td>4<\/td><td>KORPUS S\u0141UPEK 60*214,6 BIA\u0141Y<\/td><td>343 z\u0142<\/td><td>41,82<\/td><td>43,2<\/td><\/tr><tr><td>5<\/td><td>KORPUS STOJ\u0104CY 15*77 BIA\u0141Y<\/td><td>118 z\u0142<\/td><td>10,89<\/td><td>11,8<\/td><\/tr><tr><td>6<\/td><td>KORPUS STOJ\u0104CY 30*77 BIA\u0141Y<\/td><td>127 z\u0142<\/td><td>11,69<\/td><td>12,6<\/td><\/tr><tr><td>7<\/td><td>KORPUS STOJ\u0104CY 40*77 BIA\u0141Y<\/td><td>130 z\u0142<\/td><td>12,69<\/td><td>13,6<\/td><\/tr><tr><td>8<\/td><td>KORPUS STOJ\u0104CY 50*77 BIA\u0141Y<\/td><td>137 z\u0142<\/td><td>13,69<\/td><td>14,6<\/td><\/tr><tr><td>9<\/td><td>KORPUS STOJ\u0104CY 60*77 BIA\u0141Y<\/td><td>142 z\u0142<\/td><td>14,56<\/td><td>15,6<\/td><\/tr><tr><td>10<\/td><td>KORPUS STOJ\u0104CY 80*77 BIA\u0141Y<\/td><td>151 z\u0142<\/td><td>16,92<\/td><td>17,8<\/td><\/tr><tr><td>11<\/td><td>KORPUS STOJ\u0104CY NARO\u017bNY 100*77 BIA\u0141Y<\/td><td>395 z\u0142<\/td><td>20,54<\/td><td>21,5<\/td><\/tr><tr><td>12<\/td><td>KORPUS WISZ\u0104CY 15*77 BIA\u0141Y<\/td><td>111 z\u0142<\/td><td>7,48<\/td><td>8,3<\/td><\/tr><tr><td>13<\/td><td>KORPUS WISZ\u0104CY 30*77 BIA\u0141Y<\/td><td>118 z\u0142<\/td><td>8,48<\/td><td>9,3<\/td><\/tr><tr><td>14<\/td><td>KORPUS WISZ\u0104CY 40*77 BIA\u0141Y<\/td><td>119 z\u0142<\/td><td>9,28<\/td><td>10,1<\/td><\/tr><tr><td>15<\/td><td>KORPUS WISZ\u0104CY 45*77 BIA\u0141Y<\/td><td>123 z\u0142<\/td><td>9,69<\/td><td>10,8<\/td><\/tr><tr><td>16<\/td><td>KORPUS WISZ\u0104CY 50*77 BIA\u0141Y<\/td><td>127 z\u0142<\/td><td>10,19<\/td><td>11,3<\/td><\/tr><tr><td>17<\/td><td>KORPUS WISZ\u0104CY 60*60 BIA\u0141Y<\/td><td>127 z\u0142<\/td><td>9,54<\/td><td>10,4<\/td><\/tr><tr><td>18<\/td><td>KORPUS WISZ\u0104CY 60*77 BIA\u0141Y<\/td><td>132 z\u0142<\/td><td>10,79<\/td><td>11,9<\/td><\/tr><tr><td>19<\/td><td>KORPUS WISZ\u0104CY 80*77 BIA\u0141Y<\/td><td>144 z\u0142<\/td><td>12,98<\/td><td>13,8<\/td><\/tr><tr><td>20<\/td><td>KORPUS WISZ\u0104CY KLAPA 60*38,5 BIA\u0141Y<\/td><td>116 z\u0142<\/td><td>7,48<\/td><td>8,3<\/td><\/tr><tr><td>21<\/td><td>KORPUS WISZ\u0104CY KLAPA 80*38,5 BIA\u0141Y<\/td><td>128 z\u0142<\/td><td>8,54<\/td><td>9,4<\/td><\/tr><tr><td>22<\/td><td>KORPUS WISZ\u0104CY NARO\u017bNY 75*77 BIA\u0141Y<\/td><td>332 z\u0142<\/td><td>12,77<\/td><td>13,8<\/td><\/tr><tr><td>23<\/td><td>KORPUS S\u0141UPEK 40*214,6 BIA\u0141Y<\/td><td>334 z\u0142<\/td><td>38,5<\/td><td>40,5<\/td><\/tr><tr><td>24<\/td><td>KORPUS S\u0141UPEK 30*214,6 BIA\u0141Y<\/td><td>322 z\u0142<\/td><td>35,5<\/td><td>37,5<\/td><\/tr><tr><td>25<\/td><td>KORPUS STOJ\u0104CY 60*38,5 BIA\u0141Y<\/td><td>130 z\u0142<\/td><td>14,8<\/td><td>15,5<\/td><\/tr><tr><td>26<\/td><td>KORPUS STOJ\u0104CY 80*38,5 BIA\u0141Y<\/td><td>151 z\u0142<\/td><td>23,5<\/td><td>24,4<\/td><\/tr><tr><td>27<\/td><td>KORPUS WISZ\u0104CY 15*98,5 BIA\u0141Y<\/td><td>141 z\u0142<\/td><td>9,29<\/td><td>10,3<\/td><\/tr><tr><td>28<\/td><td>KORPUS WISZ\u0104CY 30*98,5 BIA\u0141Y<\/td><td>146 z\u0142<\/td><td>10,83<\/td><td>12<\/td><\/tr><tr><td>29<\/td><td>KORPUS WISZ\u0104CY 40*98,5 BIA\u0141Y<\/td><td>149 z\u0142<\/td><td>11,85<\/td><td>13,1<\/td><\/tr><tr><td>30<\/td><td>KORPUS WISZ\u0104CY 45*98,5 BIA\u0141Y<\/td><td>153 z\u0142<\/td><td>12,36<\/td><td>13,6<\/td><\/tr><tr><td>31<\/td><td>KORPUS WISZ\u0104CY 50*98,5 BIA\u0141Y<\/td><td>155 z\u0142<\/td><td>12,88<\/td><td>14,2<\/td><\/tr><tr><td>32<\/td><td>KORPUS WISZ\u0104CY 60*98,5 BIA\u0141Y<\/td><td>160 z\u0142<\/td><td>13,9<\/td><td>15,3<\/td><\/tr><tr><td>33<\/td><td>KORPUS WISZ\u0104CY 80*98,5 BIA\u0141Y<\/td><td>172 z\u0142<\/td><td>15,96<\/td><td>17,6<\/td><\/tr><tr><td>34<\/td><td>KORPUS WISZ\u0104CY NARO\u017bNY 75*98,5 BIA\u0141Y<\/td><td>265 z\u0142<\/td><td>16,62<\/td><td>18,3<\/td><\/tr><tr><td>35<\/td><td>KORPUS NADSTAWNY 60*21,5 BIA\u0141Y<\/td><td>116 z\u0142<\/td><td>6,48<\/td><td>7,2<\/td><\/tr><tr><td>36<\/td><td>KORPUS NADSTAWNY 60*98,5 BIA\u0141Y<\/td><td>202 z\u0142<\/td><td>22,65<\/td><td>25<\/td><\/tr><tr><td>37<\/td><td>KORPUS POD ZMYWARK\u0118 60*30 BIA\u0141Y<\/td><td>109 z\u0142<\/td><td>12,5<\/td><td>13,5<\/td><\/tr><tr><td>38<\/td><td>KORPUS STOJ\u0104CY 45*77 BIA\u0141Y<\/td><td>125 z\u0142<\/td><td>14,5<\/td><td>15,5<\/td><\/tr><tr><td>39<\/td><td>KORPUS NADSTAWNY 40*21,5 BIA\u0141Y<\/td><td>107 z\u0142<\/td><td>8,5<\/td><td>9,5<\/td><\/tr><tr><td>40<\/td><td>KORPUS NADSTAWNY 30*21,5 BIA\u0141Y<\/td><td>102 z\u0142<\/td><td>6,5<\/td><td>7,5<\/td><\/tr><tr><td>41<\/td><td>KORPUS S\u0141UPEK 15*214,6 BIA\u0141Y<\/td><td>304 z\u0142<\/td><td>33<\/td><td>36<\/td><\/tr><tr><td>42<\/td><td>KORPUS STOJ\u0104CY 100*77 BIA\u0141Y<\/td><td>227 z\u0142<\/td><td>6<\/td><td>7<\/td><\/tr><tr><td>43<\/td><td>KORPUS WISZ\u0104CY KLAPA 40*38,5 BIA\u0141Y<\/td><td>105 z\u0142<\/td><td>20<\/td><td>22<\/td><\/tr><tr><td>44<\/td><td>KORPUS WISZ\u0104CY KLAPA 100*38,5 BIA\u0141Y<\/td><td>223 z\u0142<\/td><td><\/td><td><\/td><\/tr><\/tbody><\/table><\/figure>\n<\/blockquote>\n\n\n\n<p><strong>CENNIK BRUTTO P\u00d3\u0141EK<\/strong><\/p>\n\n\n\n<blockquote class=\"wp-block-quote is-layout-flow wp-block-quote-is-layout-flow\">\n<figure class=\"wp-block-table\"><table class=\"has-fixed-layout\"><tbody><tr><td>L.p.<\/td><td>P\u00d3\u0141KA BRY\u0141Y<\/td><td>CENA<\/td><td>D\u0142<\/td><td>Szer<\/td><\/tr><tr><td>1<\/td><td>KORPUS STOJ\u0104CY 15X77<\/td><td>7 z\u0142<\/td><td>0,113<\/td><td>0,497<\/td><\/tr><tr><td>2<\/td><td>KORPUS STOJ\u0104CY 30X77<\/td><td>16 z\u0142<\/td><td>0,263<\/td><td>0,497<\/td><\/tr><tr><td>3<\/td><td>KORPUS STOJ\u0104CY 40X77<\/td><td>22 z\u0142<\/td><td>0,363<\/td><td>0,497<\/td><\/tr><tr><td>4<\/td><td>KORPUS STOJ\u0104CY 45X77<\/td><td>25 z\u0142<\/td><td>0,413<\/td><td>0,497<\/td><\/tr><tr><td>5<\/td><td>KORPUS STOJ\u0104CY 50X77<\/td><td>28 z\u0142<\/td><td>0,463<\/td><td>0,497<\/td><\/tr><tr><td>6<\/td><td>KORPUS STOJ\u0104CY 60X77<\/td><td>34 z\u0142<\/td><td>0,563<\/td><td>0,497<\/td><\/tr><tr><td>7<\/td><td>KORPUS STOJ\u0104CY 80X77<\/td><td>46 z\u0142<\/td><td>0,763<\/td><td>0,497<\/td><\/tr><tr><td>8<\/td><td>KORPUS STOJ\u0104CY 100X77<\/td><td>58 z\u0142<\/td><td>0,963<\/td><td>0,497<\/td><\/tr><tr><td>9<\/td><td>KORPUS STOJ\u0104CY NARO\u017bNY 100X77<\/td><td>58 z\u0142<\/td><td>0,963<\/td><td>0,497<\/td><\/tr><tr><td><\/td><td><\/td><td><\/td><td><\/td><td><\/td><\/tr><tr><td>10<\/td><td>KORPUS S\u0141UPEK 214,6X60<\/td><td>36 z\u0142<\/td><td>0,563<\/td><td>0,512<\/td><\/tr><tr><td><\/td><td><\/td><td><\/td><td><\/td><td><\/td><\/tr><tr><td>11<\/td><td>KORPUS WISZ\u0104CY 30<\/td><td>10 z\u0142<\/td><td>0,263<\/td><td>0,307<\/td><\/tr><tr><td>12<\/td><td>KORPUS WISZ\u0104CY 40<\/td><td>14 z\u0142<\/td><td>0,363<\/td><td>0,307<\/td><\/tr><tr><td>13<\/td><td>KORPUS WISZ\u0104CY 45<\/td><td>16 z\u0142<\/td><td>0,413<\/td><td>0,307<\/td><\/tr><tr><td>14<\/td><td>KORPUS WISZ\u0104CY 50<\/td><td>17 z\u0142<\/td><td>0,463<\/td><td>0,307<\/td><\/tr><tr><td>15<\/td><td>KORPUS WISZ\u0104CY 60<\/td><td>21 z\u0142<\/td><td>0,563<\/td><td>0,307<\/td><\/tr><tr><td>16<\/td><td>KORPUS WISZ\u0104CY 80<\/td><td>30 z\u0142<\/td><td>0,763<\/td><td>0,307<\/td><\/tr><tr><td>17<\/td><td>KORPUS WISZ\u0104CY NARO\u017bNY<\/td><td>27 z\u0142<\/td><td>0,713<\/td><td>0,307<\/td><\/tr><tr><td>18<\/td><td>COK\u00d3\u0141 WYS 10mm 1 metr bie\u017c\u0105cy<\/td><td>9 z\u0142<\/td><td><\/td><td>0,010<\/td><\/tr><\/tbody><\/table><\/figure>\n<\/blockquote>\n\n\n\n<figure class=\"wp-block-table\"><table class=\"has-fixed-layout\"><tbody><tr><td><strong>W SK\u0141AD KOMPLETNEJ SZULFADY WCHODZI :<\/strong><\/td><\/tr><tr><td>&#8211; PROWADNICA L+P Z CICHYM DOMYKIEM<\/td><\/tr><tr><td>&#8211; METALOWY BOCZEK SZUFLADY L+P<\/td><\/tr><tr><td>&#8211; MOCOWANIE FRONTU SZUFLADY \u2013 2 SZT<\/td><\/tr><tr><td>&#8211; MOCOWANIE TY\u0141U SZUFLADY (NISKIE LUB WYSOKIE)<\/td><\/tr><tr><td>&#8211; RELING W PRZYPADKU SZUFLADY WYSOKIEJ<\/td><\/tr><tr><td>&#8211; ZA\u015aLEPKA KPL<\/td><\/tr><tr><td>&#8211; INSTRUKCJA<\/td><\/tr><tr><td>&#8211; ZESTAW WKR\u0118T\u00d3W MONTA\u017bOWYCH<\/td><\/tr><tr><td>&#8211; DNO SZUFLADY Z P\u0141YTY LAMINOWANEJ 16 MM<\/td><\/tr><tr><td>&#8211; TY\u0141 SZUFLADY Z P\u0141YTY LAMINOWANEJ 16 MM<\/td><\/tr><\/tbody><\/table><\/figure>\n\n\n\n<p><strong>CENNIK SZUFLAD<\/strong> <strong>COMFORT BOX<\/strong><\/p>\n\n\n\n<figure class=\"wp-block-table\"><table class=\"has-fixed-layout\"><tbody><tr><td>L.P.<\/td><td>RODZAJ<\/td><td>CENA BRUTTO \/ SZT<\/td><td colspan=\"2\">SZEROKO\u015a\u0106 SZUFLADY<\/td><\/tr><tr><td>1<\/td><td>SZUFLADA NISKA<\/td><td>172 z\u0142<\/td><td colspan=\"2\">450-800<\/td><\/tr><tr><td>2<\/td><td>SZUFLADA NISKA<\/td><td>162 z\u0142<\/td><td colspan=\"2\">250-400<\/td><\/tr><tr><td>3<\/td><td>SZUFLADA WYSOKA<\/td><td>195 z\u0142<\/td><td colspan=\"2\">450-800<\/td><\/tr><tr><td>4<\/td><td>SZUFLADA WYSOKA<\/td><td>185 z\u0142<\/td><td colspan=\"2\">250-400<\/td><\/tr><\/tbody><\/table><\/figure>\n\n\n\n<p><strong>CENNIK FRONT\u00d3W<\/strong> <\/p>\n\n\n\n<figure class=\"wp-block-table\"><table class=\"has-fixed-layout\"><tbody><tr><td colspan=\"7\">FRONTY MEBLOWE KUCHENNE \u2013 DRZWI &#8211; P\u0141YTA LAMINOWANA WYKO\u0143CZONA OBRZE\u017bEM ABS GR. 1 MM<\/td><\/tr><\/tbody><\/table><\/figure>\n\n\n\n<figure class=\"wp-block-table\"><table class=\"has-fixed-layout\"><tbody><tr><td rowspan=\"2\">L.P.<\/td><td rowspan=\"2\">D\u0141UGO\u015a\u0106<\/td><td rowspan=\"2\">SZEROKO\u015a\u0106<\/td><td rowspan=\"2\">GRUBO\u015a\u0106<\/td><td colspan=\"3\">CENA ZA SZT (BRUTTO)<\/td><\/tr><tr><td>BIA\u0141Y<\/td><td>DREWNOPODOBNE (KRAFT, SONOMA)<\/td><td>KOLEKCJA HARMONY<\/td><\/tr><tr><td>1<\/td><td>765<\/td><td>600<\/td><td>18<\/td><td>56 z\u0142<\/td><td>60 z\u0142<\/td><td>93 z\u0142<\/td><\/tr><tr><td>2<\/td><td>765<\/td><td>500<\/td><td>18<\/td><td>47 z\u0142<\/td><td>50 z\u0142<\/td><td>77 z\u0142<\/td><\/tr><tr><td>3<\/td><td>765<\/td><td>450<\/td><td>18<\/td><td>42 z\u0142<\/td><td>45 z\u0142<\/td><td>70 z\u0142<\/td><\/tr><tr><td>4<\/td><td>765<\/td><td>400<\/td><td>18<\/td><td>38 z\u0142<\/td><td>40 z\u0142<\/td><td>62 z\u0142<\/td><\/tr><tr><td>5<\/td><td>765<\/td><td>300<\/td><td>18<\/td><td>28 z\u0142<\/td><td>30 z\u0142<\/td><td>46 z\u0142<\/td><\/tr><tr><td>6<\/td><td>765<\/td><td>200<\/td><td>18<\/td><td>23 z\u0142<\/td><td>24 z\u0142<\/td><td>35 z\u0142<\/td><\/tr><tr><td>7<\/td><td>765<\/td><td>150<\/td><td>18<\/td><td>17 z\u0142<\/td><td>18 z\u0142<\/td><td>26 z\u0142<\/td><\/tr><\/tbody><\/table><\/figure>\n\n\n\n<figure class=\"wp-block-table\"><table class=\"has-fixed-layout\"><tbody><tr><td colspan=\"7\">FRONTY KUCHENNE P\u0141YTA LAMINOWANA &#8211; SZUFLADY<\/td><\/tr><\/tbody><\/table><\/figure>\n\n\n\n<figure class=\"wp-block-table\"><table class=\"has-fixed-layout\"><tbody><tr><td rowspan=\"2\">L.P.<\/td><td rowspan=\"2\">D\u0141UGO\u015a\u0106<\/td><td rowspan=\"2\">SZEROKO\u015a\u0106<\/td><td rowspan=\"2\">GRUBO\u015a\u0106<\/td><td colspan=\"3\">CENA ZA SZT (BRUTTO)<\/td><\/tr><tr><td>BIA\u0141Y<\/td><td>DREWNOPODOBNE (KRAFT, SONOMA)<\/td><td>KOLEKCJA HARMONY<\/td><\/tr><tr><td>1<\/td><td>600<\/td><td>381<\/td><td>18<\/td><td>36 z\u0142<\/td><td>40 z\u0142<\/td><td>54 z\u0142<\/td><\/tr><tr><td>2<\/td><td>500<\/td><td>381<\/td><td>18<\/td><td>30 z\u0142<\/td><td>33 z\u0142<\/td><td>45 z\u0142<\/td><\/tr><tr><td>3<\/td><td>400<\/td><td>381<\/td><td>18<\/td><td>24 z\u0142<\/td><td>27 z\u0142<\/td><td>36 z\u0142<\/td><\/tr><tr><td>4<\/td><td>600<\/td><td>189<\/td><td>18<\/td><td>20 z\u0142<\/td><td>22 z\u0142<\/td><td>29 z\u0142<\/td><\/tr><tr><td>5<\/td><td>500<\/td><td>189<\/td><td>18<\/td><td>17 z\u0142<\/td><td>18 z\u0142<\/td><td>24 z\u0142<\/td><\/tr><tr><td>6<\/td><td>400<\/td><td>189<\/td><td>18<\/td><td>13 z\u0142<\/td><td>14 z\u0142<\/td><td>19 z\u0142<\/td><\/tr><tr><td>7<\/td><td>600<\/td><td>286<\/td><td>18<\/td><td>27 z\u0142<\/td><td>30 z\u0142<\/td><td>41 z\u0142<\/td><\/tr><tr><td>8<\/td><td>500<\/td><td>286<\/td><td>18<\/td><td>23 z\u0142<\/td><td>25 z\u0142<\/td><td>34 z\u0142<\/td><\/tr><tr><td>9<\/td><td>400<\/td><td>286<\/td><td>18<\/td><td>18 z\u0142<\/td><td>20 z\u0142<\/td><td>27 z\u0142<\/td><\/tr><\/tbody><\/table><\/figure>\n\n\n\n<p><strong>BLATY<\/strong> <strong>grubo\u015b\u0107 38 mm<\/strong><\/p>\n\n\n\n<figure class=\"wp-block-table\"><table class=\"has-fixed-layout\"><tbody><tr><td>KOD DEKORU<\/td><td>NAZWA DEKORU<\/td><td>WYMIAR<\/td><td>CENA ZA BLAT Brutto<\/td><\/tr><tr><td rowspan=\"3\">190 RS<\/td><td rowspan=\"3\">CZARNY<\/td><td>4100X600X38<\/td><td>432 z\u0142<\/td><\/tr><tr><td>4100X900X38<\/td><td>641 z\u0142<\/td><\/tr><tr><td>4100X1200X38<\/td><td>896 z\u0142<\/td><\/tr><tr><td rowspan=\"3\">K 003<\/td><td rowspan=\"3\">D\u0104B CRAFT Z\u0141OTY<\/td><td>4100X600X38<\/td><td>432 z\u0142<\/td><\/tr><tr><td>4100X900X38<\/td><td>641 z\u0142<\/td><\/tr><tr><td>4100X1200X38<\/td><td>896 z\u0142<\/td><\/tr><tr><td rowspan=\"3\">K 207 RS<\/td><td rowspan=\"3\">GALAXY SZARY<\/td><td>4100X600X38<\/td><td>466 z\u0142<\/td><\/tr><tr><td>4100X900X38<\/td><td>671 z\u0142<\/td><\/tr><tr><td>4100X1200X38<\/td><td>1&nbsp;160 z\u0142<\/td><\/tr><tr><td rowspan=\"3\">5402<\/td><td rowspan=\"3\">D\u0104B WOTAN<\/td><td>4100X600X38<\/td><td>432 z\u0142<\/td><\/tr><tr><td>4100X900X38<\/td><td>641 z\u0142<\/td><\/tr><tr><td>4100X1200X38<\/td><td>896 z\u0142<\/td><\/tr><tr><td rowspan=\"3\">5527<\/td><td rowspan=\"3\">D\u0104B KAMIENNY<\/td><td>4100X600X38<\/td><td>432 z\u0142<\/td><\/tr><tr><td>4100X900X38<\/td><td>641 z\u0142<\/td><\/tr><tr><td>4100X1200X38<\/td><td>896 z\u0142<\/td><\/tr><tr><td rowspan=\"3\">4298\/4299<\/td><td rowspan=\"3\">ATELIER JASNY\/CIEMNY<\/td><td>4100X600X38<\/td><td>466 z\u0142<\/td><\/tr><tr><td>4100X900X438<\/td><td>671 z\u0142<\/td><\/tr><tr><td>4100X1200X38<\/td><td>1&nbsp;160 z\u0142<\/td><\/tr><\/tbody><\/table><\/figure>\n","protected":false},"excerpt":{"rendered":"<p>Cennik w cenach brutto, dotyczy korpus\u00f3w w standardowych wymiarach w kolorze bia\u0142ym. Specyfikacja: P\u0142yta wi\u00f3rowa firmy Kronospan o grubo\u015bci 18 mm. Cie\u0144sz\u0105 p\u0142yt\u0119 16 mm tak ch\u0119tnie wykorzystywana przez innych producent\u00f3w ze wzgl\u0119du na ni\u017csz\u0105 wage i cen\u0119 stosujemy wy\u0142\u0105cznie na \u017c\u0105danie. Uwa\u017camy, \u017ce meble kuchenne musz\u0105 by\u0107 solidne aby s\u0142u\u017cy\u0142y w\u0142a\u015bcicielom przez wiele lat. [&hellip;]<\/p>\n","protected":false},"author":1,"featured_media":0,"parent":0,"menu_order":0,"comment_status":"closed","ping_status":"open","template":"","meta":{"footnotes":""},"class_list":["post-2","page","type-page","status-publish","hentry"],"_links":{"self":[{"href":"http:\/\/kuchnie360.pl\/index.php?rest_route=\/wp\/v2\/pages\/2","targetHints":{"allow":["GET"]}}],"collection":[{"href":"http:\/\/kuchnie360.pl\/index.php?rest_route=\/wp\/v2\/pages"}],"about":[{"href":"http:\/\/kuchnie360.pl\/index.php?rest_route=\/wp\/v2\/types\/page"}],"author":[{"embeddable":true,"href":"http:\/\/kuchnie360.pl\/index.php?rest_route=\/wp\/v2\/users\/1"}],"replies":[{"embeddable":true,"href":"http:\/\/kuchnie360.pl\/index.php?rest_route=%2Fwp%2Fv2%2Fcomments&post=2"}],"version-history":[{"count":2,"href":"http:\/\/kuchnie360.pl\/index.php?rest_route=\/wp\/v2\/pages\/2\/revisions"}],"predecessor-version":[{"id":40,"href":"http:\/\/kuchnie360.pl\/index.php?rest_route=\/wp\/v2\/pages\/2\/revisions\/40"}],"wp:attachment":[{"href":"http:\/\/kuchnie360.pl\/index.php?rest_route=%2Fwp%2Fv2%2Fmedia&parent=2"}],"curies":[{"name":"wp","href":"https:\/\/api.w.org\/{rel}","templated":true}]}}